{"id":108,"date":"2019-12-15T00:53:59","date_gmt":"2019-12-15T00:53:59","guid":{"rendered":"http:\/\/rommestugby.se\/?page_id=108"},"modified":"2020-01-20T10:56:21","modified_gmt":"2020-01-20T10:56:21","slug":"stuga-62-baddar","status":"publish","type":"page","link":"https:\/\/rommestugby.se\/en\/stuga-62-baddar\/","title":{"rendered":"Stuga 6+2 b\u00e4ddar"},"content":{"rendered":"<figure class=\"wp-block-table\"><table class=\"\"><tbody><tr><td>Weeks<\/td><td>Thursday-Sunday<\/td><td>S\u00f6n &#8211; Tors<\/td><td>S\u00f6n &#8211; S\u00f6n<\/td><\/tr><tr><td>52<\/td><td>5000<\/td><td>6000<\/td><td>8000<\/td><\/tr><tr><td>1<\/td><td>6000<\/td><td>3000<\/td><td>4500<\/td><\/tr><tr><td>2<\/td><td>2500<\/td><td>1500<\/td><td>4500<\/td><\/tr><tr><td>3<\/td><td>3000<\/td><td>1700<\/td><td>5000<\/td><\/tr><tr><td>4<\/td><td>4000<\/td><td>2000<\/td><td>6000<\/td><\/tr><tr><td>5<\/td><td>5000<\/td><td>2000<\/td><td>6500<\/td><\/tr><tr><td>6<\/td><td>5000<\/td><td>2500<\/td><td>7500<\/td><\/tr><tr><td>7<\/td><td>5500<\/td><td>5000<\/td><td>9500<\/td><\/tr><tr><td>8<\/td><td>6000<\/td><td>6000<\/td><td>10000<\/td><\/tr><tr><td>9<\/td><td>6000<\/td><td>6000<\/td><td>8500<\/td><\/tr><tr><td>10<\/td><td>4500<\/td><td>2000<\/td><td>6500<\/td><\/tr><tr><td>11<\/td><td>4500<\/td><td>2000<\/td><td>6500<\/td><\/tr><tr><td>12<\/td><td>4500<\/td><td>2000<\/td><td>5000<\/td><\/tr><tr><td>13<\/td><td>4000<\/td><td>1700<\/td><td>4500<\/td><\/tr><tr><td>14<\/td><td>3000<\/td><td>3000<\/td><td>7500*<\/td><\/tr><tr><td>15<\/td><td>6000**<\/td><td><\/td><td><\/td><\/tr><\/tbody><\/table><\/figure>\n\n\n\n<figure class=\"wp-block-table\"><table class=\"\"><tbody><tr><td>* G\u00e4ller\n  period s\u00f6ndag till m\u00e5ndag<\/td><\/tr><tr><td>**G\u00e4ller period torsdag till\n  m\u00e5ndag<\/td><\/tr><\/tbody><\/table><\/figure>","protected":false},"excerpt":{"rendered":"<p>Veckor Tors &#8211; S\u00f6n S\u00f6n &#8211; Tors S\u00f6n &#8211; S\u00f6n 52 5000 6000 8000 1 6000 3000 4500 2 2500 1500 4500 3 3000 1700 5000 4 4000 2000 6000 5 5000 2000 6500 6 5000 2500 7500 7 5500 <a href=\"https:\/\/rommestugby.se\/en\/stuga-62-baddar\/\" class=\"read-more\">Read more<\/a><\/p>","protected":false},"author":1,"featured_media":0,"parent":0,"menu_order":0,"comment_status":"closed","ping_status":"closed","template":"","meta":{"footnotes":""},"class_list":["post-108","page","type-page","status-publish","hentry"],"_links":{"self":[{"href":"https:\/\/rommestugby.se\/en\/wp-json\/wp\/v2\/pages\/108","targetHints":{"allow":["GET"]}}],"collection":[{"href":"https:\/\/rommestugby.se\/en\/wp-json\/wp\/v2\/pages"}],"about":[{"href":"https:\/\/rommestugby.se\/en\/wp-json\/wp\/v2\/types\/page"}],"author":[{"embeddable":true,"href":"https:\/\/rommestugby.se\/en\/wp-json\/wp\/v2\/users\/1"}],"replies":[{"embeddable":true,"href":"https:\/\/rommestugby.se\/en\/wp-json\/wp\/v2\/comments?post=108"}],"version-history":[{"count":4,"href":"https:\/\/rommestugby.se\/en\/wp-json\/wp\/v2\/pages\/108\/revisions"}],"predecessor-version":[{"id":844,"href":"https:\/\/rommestugby.se\/en\/wp-json\/wp\/v2\/pages\/108\/revisions\/844"}],"wp:attachment":[{"href":"https:\/\/rommestugby.se\/en\/wp-json\/wp\/v2\/media?parent=108"}],"curies":[{"name":"wp","href":"https:\/\/api.w.org\/{rel}","templated":true}]}}